{"id":176,"date":"2018-10-08T12:35:37","date_gmt":"2018-10-08T12:35:37","guid":{"rendered":"http:\/\/www.civitareseviaggi.it\/?page_id=176"},"modified":"2023-07-07T15:54:50","modified_gmt":"2023-07-07T15:54:50","slug":"abruzzo-incoming","status":"publish","type":"page","link":"https:\/\/www.civitareseviaggi.it\/en\/abruzzo-incoming\/","title":{"rendered":"I Love Abruzzo"},"content":{"rendered":"<div id=\"fws_69f570192cf29\"  data-column-margin=\"default\" data-midnight=\"dark\"  data-bg-mobile-hidden=\"true\" class=\"wpb_row vc_row-fluid vc_row full-width-section standard_section\"  style=\"padding-top: 0px; padding-bottom: 0px; \"><div class=\"row-bg-wrap\" data-bg-animation=\"none\" data-bg-overlay=\"false\"><div class=\"inner-wrap using-image\"><div class=\"row-bg using-image\"  style=\"background-image: url(https:\/\/www.civitareseviaggi.it\/wp-content\/uploads\/2021\/07\/Raggruppa-782@2x.png); background-position: center center; background-repeat: no-repeat; \"><\/div><\/div><div class=\"row-bg-overlay\" ><\/div><\/div><div class=\"col span_12 dark left\">\n\t<div  class=\"vc_col-sm-12 vc_hidden-sm vc_hidden-xs wpb_column column_container vc_column_container col no-extra-padding\"  data-t-w-inherits=\"default\" data-border-radius=\"none\" data-shadow=\"none\" data-border-animation=\"\" data-border-animation-delay=\"\" data-border-width=\"none\" data-border-style=\"solid\" data-border-color=\"\" data-bg-cover=\"\" data-padding-pos=\"all\" data-has-bg-color=\"false\" data-bg-color=\"\" data-bg-opacity=\"1\" data-hover-bg=\"\" data-hover-bg-opacity=\"1\" data-animation=\"\" data-delay=\"0\" >\n\t\t<div class=\"vc_column-inner\" ><div class=\"column-bg-overlay-wrap\" data-bg-animation=\"none\"><div class=\"column-bg-overlay\"><\/div><\/div>\n\t\t\t<div class=\"wpb_wrapper\">\n\t\t\t\t<div class=\"divider-wrap\" data-alignment=\"default\"><div style=\"height: 375px;\" class=\"divider\"><\/div><\/div>\n\t\t\t<\/div> \n\t\t<\/div>\n\t<\/div> \n<\/div><\/div>\n\t\t<div id=\"fws_69f570192e376\"  data-column-margin=\"default\" data-midnight=\"dark\"  data-bg-mobile-hidden=\"\" class=\"wpb_row vc_row-fluid vc_row full-width-content standard_section\"  style=\"padding-top: 0px; padding-bottom: 0px; \"><div class=\"row-bg-wrap\" data-bg-animation=\"none\" data-bg-overlay=\"false\"><div class=\"inner-wrap\"><div class=\"row-bg\"  style=\"\"><\/div><\/div><div class=\"row-bg-overlay\" ><\/div><\/div><div class=\"col span_12 dark left\">\n\t<div  class=\"vc_col-sm-12 vc_hidden-lg vc_hidden-md wpb_column column_container vc_column_container col no-extra-padding\"  data-t-w-inherits=\"default\" data-border-radius=\"none\" data-shadow=\"none\" data-border-animation=\"\" data-border-animation-delay=\"\" data-border-width=\"none\" data-border-style=\"solid\" data-border-color=\"\" data-bg-cover=\"\" data-padding-pos=\"all\" data-has-bg-color=\"false\" data-bg-color=\"\" data-bg-opacity=\"1\" data-hover-bg=\"\" data-hover-bg-opacity=\"1\" data-animation=\"\" data-delay=\"0\" >\n\t\t<div class=\"vc_column-inner\" ><div class=\"column-bg-overlay-wrap\" data-bg-animation=\"none\"><div class=\"column-bg-overlay\"><\/div><\/div>\n\t\t\t<div class=\"wpb_wrapper\">\n\t\t\t\t<div class=\"img-with-aniamtion-wrap center\" data-max-width=\"100%\" data-max-width-mobile=\"100%\" data-border-radius=\"none\" data-shadow=\"none\" data-animation=\"fade-in\" >\r\n      <div class=\"inner\">\r\n        <div class=\"hover-wrap\" data-hover-animation=\"none\"> \r\n          <div class=\"hover-wrap-inner\">\r\n            <img loading=\"lazy\" decoding=\"async\" class=\"img-with-animation skip-lazy\" data-delay=\"0\" height=\"353\" width=\"796\" data-animation=\"fade-in\" src=\"https:\/\/www.civitareseviaggi.it\/wp-content\/uploads\/2021\/07\/abruzzo-top-en.jpg\" alt=\"\" srcset=\"https:\/\/www.civitareseviaggi.it\/wp-content\/uploads\/2021\/07\/abruzzo-top-en.jpg 796w, https:\/\/www.civitareseviaggi.it\/wp-content\/uploads\/2021\/07\/abruzzo-top-en-600x266.jpg 600w, https:\/\/www.civitareseviaggi.it\/wp-content\/uploads\/2021\/07\/abruzzo-top-en-300x133.jpg 300w, https:\/\/www.civitareseviaggi.it\/wp-content\/uploads\/2021\/07\/abruzzo-top-en-768x341.jpg 768w, https:\/\/www.civitareseviaggi.it\/wp-content\/uploads\/2021\/07\/abruzzo-top-en-16x7.jpg 16w\" sizes=\"auto, (min-width: 1450px) 75vw, (min-width: 1000px) 85vw, 100vw\" \/>\r\n          <\/div>\r\n        <\/div>\r\n      <\/div>\r\n    <\/div>\n\t\t\t<\/div> \n\t\t<\/div>\n\t<\/div> \n<\/div><\/div>\n\t\t<div id=\"fws_69f570192ee81\"  data-column-margin=\"default\" data-midnight=\"dark\"  data-bg-mobile-hidden=\"\" class=\"wpb_row vc_row-fluid vc_row standard_section titolo-standard\"  style=\"padding-top: 0px; padding-bottom: 0px; \"><div class=\"row-bg-wrap\" data-bg-animation=\"none\" data-bg-overlay=\"false\"><div class=\"inner-wrap\"><div class=\"row-bg\"  style=\"\"><\/div><\/div><div class=\"row-bg-overlay\" ><\/div><\/div><div class=\"col span_12 dark left\">\n\t<div  class=\"vc_col-sm-12 wpb_column column_container vc_column_container col no-extra-padding\"  data-t-w-inherits=\"default\" data-border-radius=\"none\" data-shadow=\"none\" data-border-animation=\"\" data-border-animation-delay=\"\" data-border-width=\"none\" data-border-style=\"solid\" data-border-color=\"\" data-bg-cover=\"\" data-padding-pos=\"all\" data-has-bg-color=\"false\" data-bg-color=\"\" data-bg-opacity=\"1\" data-hover-bg=\"\" data-hover-bg-opacity=\"1\" data-animation=\"\" data-delay=\"0\" >\n\t\t<div class=\"vc_column-inner\" ><div class=\"column-bg-overlay-wrap\" data-bg-animation=\"none\"><div class=\"column-bg-overlay\"><\/div><\/div>\n\t\t\t<div class=\"wpb_wrapper\">\n\t\t\t\t<h1 style=\"color: #e73516;text-align: center\" class=\"vc_custom_heading vc_custom_1539267282649\" >Abruzzo Incoming<\/h1><p style=\"font-size: 20px;text-align: center\" class=\"vc_custom_heading\" >I love Abruzzo, I love Ortona<\/p><div id=\"fws_69f570192fdd9\" data-midnight=\"\" data-column-margin=\"default\" data-bg-mobile-hidden=\"\" class=\"wpb_row vc_row-fluid vc_row inner_row standard_section\"  style=\"padding-top: 0px; padding-bottom: 0px; \"><div class=\"row-bg-wrap\"> <div class=\"row-bg\"  style=\"\"><\/div> <\/div><div class=\"col span_12  left\">\n\t<div  class=\"vc_col-sm-1 wpb_column column_container vc_column_container col child_column no-extra-padding\"   data-t-w-inherits=\"default\" data-shadow=\"none\" data-border-radius=\"none\" data-border-animation=\"\" data-border-animation-delay=\"\" data-border-width=\"none\" data-border-style=\"solid\" data-border-color=\"\" data-bg-cover=\"\" data-padding-pos=\"all\" data-has-bg-color=\"false\" data-bg-color=\"\" data-bg-opacity=\"1\" data-hover-bg=\"\" data-hover-bg-opacity=\"1\" data-animation=\"\" data-delay=\"0\">\n\t\t<div class=\"vc_column-inner\" ><div class=\"column-bg-overlay-wrap\" data-bg-animation=\"none\"><div class=\"column-bg-overlay\"><\/div><\/div>\n\t\t<div class=\"wpb_wrapper\">\n\t\t\t\n\t\t<\/div> \n\t<\/div>\n\t<\/div> \n\n\t<div  class=\"vc_col-sm-10 wpb_column column_container vc_column_container col child_column no-extra-padding\"   data-t-w-inherits=\"default\" data-shadow=\"none\" data-border-radius=\"none\" data-border-animation=\"\" data-border-animation-delay=\"\" data-border-width=\"none\" data-border-style=\"solid\" data-border-color=\"\" data-bg-cover=\"\" data-padding-pos=\"all\" data-has-bg-color=\"false\" data-bg-color=\"\" data-bg-opacity=\"1\" data-hover-bg=\"\" data-hover-bg-opacity=\"1\" data-animation=\"\" data-delay=\"0\">\n\t\t<div class=\"vc_column-inner\" ><div class=\"column-bg-overlay-wrap\" data-bg-animation=\"none\"><div class=\"column-bg-overlay\"><\/div><\/div>\n\t\t<div class=\"wpb_wrapper\">\n\t\t\t\r\n<div class=\"wpb_text_column wpb_content_element  justify\" >\r\n\t<div class=\"wpb_wrapper\">\r\n\t\t<p>\u201cUn paese vuol dire non essere soli, sapere che nella gente, nelle piante, nella terra c\u2019\u00e8 qualcosa di tuo, che anche quando non ci sei resta ad aspettarti.\u201d<\/p>\n<p style=\"text-align: center;\">Cesare Pavese &#8211; La luna e i fal\u00f2<\/p>\n\t<\/div>\r\n<\/div>\r\n\r\n\r\n\r\n<div class=\"divider-wrap\" data-alignment=\"center\"><div style=\"margin-top: 25px; width: 80px; height: 2px; margin-bottom: 25px;\" data-width=\"80\" data-animate=\"yes\" data-animation-delay=\"\" data-color=\"accent-color\" class=\"divider-small-border\"><\/div><\/div>\n\t<div class=\"wpb_raw_code wpb_content_element wpb_raw_html\" >\n\t\t<div class=\"wpb_wrapper\">\n\t\t\t<template id=\"product-catalog-widget-styles\">\n<style>\n.Re-c-MuiButton-label svg {\ndisplay: none;\n}\n<\/style><\/template>\n<product-catalog-widget styles-template-id=\"product-catalog-widget-styles\" widget-id=\"65d97ff6-6692-4d6c-b5c0-ec633983d616\"><\/product-catalog-widget><script type=\"text\/javascript\" src=\"https:\/\/widgets.regiondo.net\/catalog\/v1\/catalog-widget.min.js\"><\/script>\n\t\t<\/div>\n\t<\/div>\n\n\t\t<\/div> \n\t<\/div>\n\t<\/div> \n\n\t<div  class=\"vc_col-sm-1 wpb_column column_container vc_column_container col child_column no-extra-padding\"   data-t-w-inherits=\"default\" data-shadow=\"none\" data-border-radius=\"none\" data-border-animation=\"\" data-border-animation-delay=\"\" data-border-width=\"none\" data-border-style=\"solid\" data-border-color=\"\" data-bg-cover=\"\" data-padding-pos=\"all\" data-has-bg-color=\"false\" data-bg-color=\"\" data-bg-opacity=\"1\" data-hover-bg=\"\" data-hover-bg-opacity=\"1\" data-animation=\"\" data-delay=\"0\">\n\t\t<div class=\"vc_column-inner\" ><div class=\"column-bg-overlay-wrap\" data-bg-animation=\"none\"><div class=\"column-bg-overlay\"><\/div><\/div>\n\t\t<div class=\"wpb_wrapper\">\n\t\t\t\n\t\t<\/div> \n\t<\/div>\n\t<\/div> \n<\/div><\/div>\n\t\t\t<\/div> \n\t\t<\/div>\n\t<\/div> \n<\/div><\/div>\n\t\t<div id=\"fws_69f5701931350\"  data-column-margin=\"default\" data-midnight=\"dark\"  data-bg-mobile-hidden=\"\" class=\"wpb_row vc_row-fluid vc_row standard_section\"  style=\"padding-top: 0px; padding-bottom: 0px; \"><div class=\"row-bg-wrap\" data-bg-animation=\"none\" data-bg-overlay=\"false\"><div class=\"inner-wrap\"><div class=\"row-bg\"  style=\"\"><\/div><\/div><div class=\"row-bg-overlay\" ><\/div><\/div><div class=\"col span_12 dark left\">\n\t<div  class=\"vc_col-sm-12 wpb_column column_container vc_column_container col no-extra-padding\"  data-t-w-inherits=\"default\" data-border-radius=\"none\" data-shadow=\"none\" data-border-animation=\"\" data-border-animation-delay=\"\" data-border-width=\"none\" data-border-style=\"solid\" data-border-color=\"\" data-bg-cover=\"\" data-padding-pos=\"all\" data-has-bg-color=\"false\" data-bg-color=\"\" data-bg-opacity=\"1\" data-hover-bg=\"\" data-hover-bg-opacity=\"1\" data-animation=\"\" data-delay=\"0\" >\n\t\t<div class=\"vc_column-inner\" ><div class=\"column-bg-overlay-wrap\" data-bg-animation=\"none\"><div class=\"column-bg-overlay\"><\/div><\/div>\n\t\t\t<div class=\"wpb_wrapper\">\n\t\t\t\t<div id=\"fws_69f5701931954\" data-midnight=\"\" data-column-margin=\"none\" data-bg-mobile-hidden=\"\" class=\"wpb_row vc_row-fluid vc_row inner_row  vc_row-o-equal-height vc_row-flex  vc_row-o-content-middle standard_section  vc_custom_1539262691542\"  style=\"padding-top: 0px; padding-bottom: 0px; \"><div class=\"row-bg-wrap\"> <div class=\"row-bg\"  style=\"\"><\/div> <\/div><div class=\"col span_12  center\">\n\t<div  class=\"vc_col-sm-6 wpb_column column_container vc_column_container col child_column no-extra-padding\"   data-t-w-inherits=\"default\" data-shadow=\"none\" data-border-radius=\"none\" data-border-animation=\"\" data-border-animation-delay=\"\" data-border-width=\"none\" data-border-style=\"solid\" data-border-color=\"\" data-bg-cover=\"\" data-padding-pos=\"all\" data-has-bg-color=\"false\" data-bg-color=\"\" data-bg-opacity=\"1\" data-hover-bg=\"\" data-hover-bg-opacity=\"1\" data-animation=\"\" data-delay=\"0\">\n\t\t<div class=\"vc_column-inner\" ><div class=\"column-bg-overlay-wrap\" data-bg-animation=\"none\"><div class=\"column-bg-overlay\"><\/div><\/div>\n\t\t<div class=\"wpb_wrapper\">\n\t\t\t<div class=\"img-with-aniamtion-wrap center\" data-max-width=\"100%\" data-max-width-mobile=\"100%\" data-border-radius=\"none\" data-shadow=\"none\" data-animation=\"fade-in-from-bottom\" >\r\n      <div class=\"inner\">\r\n        <div class=\"hover-wrap\" data-hover-animation=\"none\"> \r\n          <div class=\"hover-wrap-inner\">\r\n            <img loading=\"lazy\" decoding=\"async\" class=\"img-with-animation skip-lazy\" data-delay=\"150\" height=\"423\" width=\"636\" data-animation=\"fade-in-from-bottom\" src=\"https:\/\/www.civitareseviaggi.it\/wp-content\/uploads\/2018\/10\/iStock-1007916308-1.jpg\" alt=\"\" srcset=\"https:\/\/www.civitareseviaggi.it\/wp-content\/uploads\/2018\/10\/iStock-1007916308-1.jpg 636w, https:\/\/www.civitareseviaggi.it\/wp-content\/uploads\/2018\/10\/iStock-1007916308-1-600x399.jpg 600w, https:\/\/www.civitareseviaggi.it\/wp-content\/uploads\/2018\/10\/iStock-1007916308-1-300x200.jpg 300w\" sizes=\"auto, (min-width: 1450px) 75vw, (min-width: 1000px) 85vw, 100vw\" \/>\r\n          <\/div>\r\n        <\/div>\r\n      <\/div>\r\n    <\/div>\n\t\t<\/div> \n\t<\/div>\n\t<\/div> \n\n\t<div  class=\"vc_col-sm-6 wpb_column column_container vc_column_container col child_column no-extra-padding\"   data-t-w-inherits=\"default\" data-shadow=\"none\" data-border-radius=\"none\" data-border-animation=\"\" data-border-animation-delay=\"\" data-border-width=\"none\" data-border-style=\"solid\" data-border-color=\"\" data-bg-cover=\"\" data-padding-pos=\"all\" data-has-bg-color=\"false\" data-bg-color=\"\" data-bg-opacity=\"1\" data-hover-bg=\"\" data-hover-bg-opacity=\"1\" data-animation=\"\" data-delay=\"0\">\n\t\t<div class=\"vc_column-inner\" ><div class=\"column-bg-overlay-wrap\" data-bg-animation=\"none\"><div class=\"column-bg-overlay\"><\/div><\/div>\n\t\t<div class=\"wpb_wrapper\">\n\t\t\t<h1 style=\"color: #e73516;text-align: center\" class=\"vc_custom_heading vc_custom_1539267432166\" >I love Abruzzo<\/h1><div class=\"divider-wrap\" data-alignment=\"center\"><div style=\"margin-top: 30px; width: 40px; height: 2px; margin-bottom: 30px;\" data-width=\"40\" data-animate=\"yes\" data-animation-delay=\"\" data-color=\"accent-color\" class=\"divider-small-border\"><\/div><\/div>\r\n<div class=\"wpb_text_column wpb_content_element  vc_custom_1543247279347 box-p\" >\r\n\t<div class=\"wpb_wrapper\">\r\n\t\t<p style=\"text-align: center;\">Nel cuore dell\u2019Italia\u2026e nel nostro cuore. \u201cI love Abruzzo\u201d nasce dalla voglia di scoprire e far scoprire le meraviglie di casa, perch\u00e9 spesso la bellezza che cerchiamo \u00e8 molto pi\u00f9 vicina di quanto immaginiamo.<\/p>\n\t<\/div>\r\n<\/div>\r\n\r\n\r\n\r\n<a class=\"nectar-button small see-through-2  red\"  style=\"border-color: #e73516; color: #e73516;\"  href=\"\/en\/love-abruzzo\/\" data-color-override=\"#e73516\"  data-hover-color-override=\"#e73516\" data-hover-text-color-override=\"#ffffff\"><span>SCOPRI<\/span><\/a>\n\t\t<\/div> \n\t<\/div>\n\t<\/div> \n<\/div><\/div><div id=\"fws_69f5701932f73\" data-midnight=\"\" data-column-margin=\"none\" data-bg-mobile-hidden=\"\" class=\"wpb_row vc_row-fluid vc_row inner_row  vc_row-o-equal-height vc_row-flex  vc_row-o-content-middle standard_section  vc_custom_1539261853637\"  style=\"padding-top: 0px; padding-bottom: 0px; \"><div class=\"row-bg-wrap\"> <div class=\"row-bg\"  style=\"\"><\/div> <\/div><div class=\"col span_12  center\">\n\t<div  class=\"vc_col-sm-6 wpb_column column_container vc_column_container col child_column no-extra-padding\"   data-t-w-inherits=\"default\" data-shadow=\"none\" data-border-radius=\"none\" data-border-animation=\"\" data-border-animation-delay=\"\" data-border-width=\"none\" data-border-style=\"solid\" data-border-color=\"\" data-bg-cover=\"\" data-padding-pos=\"all\" data-has-bg-color=\"false\" data-bg-color=\"\" data-bg-opacity=\"1\" data-hover-bg=\"\" data-hover-bg-opacity=\"1\" data-animation=\"\" data-delay=\"0\">\n\t\t<div class=\"vc_column-inner\" ><div class=\"column-bg-overlay-wrap\" data-bg-animation=\"none\"><div class=\"column-bg-overlay\"><\/div><\/div>\n\t\t<div class=\"wpb_wrapper\">\n\t\t\t<h1 style=\"color: #e73516;text-align: center\" class=\"vc_custom_heading vc_custom_1539267538749\" >I love Ortona<\/h1><div class=\"divider-wrap\" data-alignment=\"center\"><div style=\"margin-top: 30px; width: 40px; height: 2px; margin-bottom: 30px;\" data-width=\"40\" data-animate=\"yes\" data-animation-delay=\"\" data-color=\"accent-color\" class=\"divider-small-border\"><\/div><\/div>\r\n<div class=\"wpb_text_column wpb_content_element  vc_custom_1543246520515 box-p\" >\r\n\t<div class=\"wpb_wrapper\">\r\n\t\t<p style=\"text-align: center;\">Ortona \u00e8, non solo il punto di partenza perfetto per scoprire le meraviglie d\u2019Abruzzo, ma anche la \u201cPerla dell\u2019Adriatico\u201d in cui perdersi partendo dal cuore del suo essere: il quartiere di Terravecchia.<\/p>\n\t<\/div>\r\n<\/div>\r\n\r\n\r\n\r\n<a class=\"nectar-button small see-through-2  red\"  style=\"border-color: #e73516; color: #e73516;\"  href=\"https:\/\/www.civitareseviaggi.it\/en\/love-ortona\/\" data-color-override=\"#e73516\"  data-hover-color-override=\"#e73516\" data-hover-text-color-override=\"#ffffff\"><span>SCOPRI<\/span><\/a>\n\t\t<\/div> \n\t<\/div>\n\t<\/div> \n\n\t<div  class=\"vc_col-sm-6 wpb_column column_container vc_column_container col child_column no-extra-padding\"   data-t-w-inherits=\"default\" data-shadow=\"none\" data-border-radius=\"none\" data-border-animation=\"\" data-border-animation-delay=\"\" data-border-width=\"none\" data-border-style=\"solid\" data-border-color=\"\" data-bg-cover=\"\" data-padding-pos=\"all\" data-has-bg-color=\"false\" data-bg-color=\"\" data-bg-opacity=\"1\" data-hover-bg=\"\" data-hover-bg-opacity=\"1\" data-animation=\"\" data-delay=\"0\">\n\t\t<div class=\"vc_column-inner\" ><div class=\"column-bg-overlay-wrap\" data-bg-animation=\"none\"><div class=\"column-bg-overlay\"><\/div><\/div>\n\t\t<div class=\"wpb_wrapper\">\n\t\t\t<div class=\"img-with-aniamtion-wrap center\" data-max-width=\"100%\" data-max-width-mobile=\"100%\" data-border-radius=\"none\" data-shadow=\"none\" data-animation=\"fade-in-from-bottom\" >\r\n      <div class=\"inner\">\r\n        <div class=\"hover-wrap\" data-hover-animation=\"none\"> \r\n          <div class=\"hover-wrap-inner\">\r\n            <img loading=\"lazy\" decoding=\"async\" class=\"img-with-animation skip-lazy\" data-delay=\"200\" height=\"416\" width=\"636\" data-animation=\"fade-in-from-bottom\" src=\"https:\/\/www.civitareseviaggi.it\/wp-content\/uploads\/2018\/10\/teatro_vittoria.jpg\" alt=\"\" srcset=\"https:\/\/www.civitareseviaggi.it\/wp-content\/uploads\/2018\/10\/teatro_vittoria.jpg 636w, https:\/\/www.civitareseviaggi.it\/wp-content\/uploads\/2018\/10\/teatro_vittoria-600x392.jpg 600w, https:\/\/www.civitareseviaggi.it\/wp-content\/uploads\/2018\/10\/teatro_vittoria-300x196.jpg 300w\" sizes=\"auto, (min-width: 1450px) 75vw, (min-width: 1000px) 85vw, 100vw\" \/>\r\n          <\/div>\r\n        <\/div>\r\n      <\/div>\r\n    <\/div>\n\t\t<\/div> \n\t<\/div>\n\t<\/div> \n<\/div><\/div>\n\t\t\t<\/div> \n\t\t<\/div>\n\t<\/div> \n<\/div><\/div>","protected":false},"excerpt":{"rendered":"Abruzzo IncomingI love Abruzzo, I love Ortona \u201cUn paese vuol dire non essere soli, sapere che nella gente, nelle piante, nella terra c\u2019\u00e8 qualcosa di tuo, che anche quando non...","protected":false},"author":2,"featured_media":0,"parent":0,"menu_order":0,"comment_status":"closed","ping_status":"closed","template":"","meta":{"_acf_changed":false,"_monsterinsights_skip_tracking":false,"_monsterinsights_sitenote_active":false,"_monsterinsights_sitenote_note":"","_monsterinsights_sitenote_category":0,"footnotes":""},"class_list":["post-176","page","type-page","status-publish"],"acf":[],"yoast_head":"<!-- This site is optimized with the Yoast SEO plugin v27.5 - https:\/\/yoast.com\/product\/yoast-seo-wordpress\/ -->\n<title>I Love Abruzzo - Civitarese<\/title>\n<meta name=\"robots\" content=\"index, follow, max-snippet:-1, max-image-preview:large, max-video-preview:-1\" \/>\n<link rel=\"canonical\" href=\"https:\/\/www.civitareseviaggi.it\/en\/abruzzo-incoming\/\" \/>\n<meta property=\"og:locale\" content=\"en_GB\" \/>\n<meta property=\"og:type\" content=\"article\" \/>\n<meta property=\"og:title\" content=\"I Love Abruzzo - Civitarese\" \/>\n<meta property=\"og:url\" content=\"https:\/\/www.civitareseviaggi.it\/en\/abruzzo-incoming\/\" \/>\n<meta property=\"og:site_name\" content=\"Civitarese\" \/>\n<meta property=\"article:modified_time\" content=\"2023-07-07T15:54:50+00:00\" \/>\n<meta name=\"twitter:card\" content=\"summary_large_image\" \/>\n<meta name=\"twitter:label1\" content=\"Estimated reading time\" \/>\n\t<meta name=\"twitter:data1\" content=\"7 minutes\" \/>\n<script type=\"application\/ld+json\" class=\"yoast-schema-graph\">{\"@context\":\"https:\\\/\\\/schema.org\",\"@graph\":[{\"@type\":\"WebPage\",\"@id\":\"https:\\\/\\\/www.civitareseviaggi.it\\\/abruzzo-incoming\\\/\",\"url\":\"https:\\\/\\\/www.civitareseviaggi.it\\\/abruzzo-incoming\\\/\",\"name\":\"I Love Abruzzo - Civitarese\",\"isPartOf\":{\"@id\":\"https:\\\/\\\/www.civitareseviaggi.it\\\/#website\"},\"datePublished\":\"2018-10-08T12:35:37+00:00\",\"dateModified\":\"2023-07-07T15:54:50+00:00\",\"breadcrumb\":{\"@id\":\"https:\\\/\\\/www.civitareseviaggi.it\\\/abruzzo-incoming\\\/#breadcrumb\"},\"inLanguage\":\"en-GB\",\"potentialAction\":[{\"@type\":\"ReadAction\",\"target\":[\"https:\\\/\\\/www.civitareseviaggi.it\\\/abruzzo-incoming\\\/\"]}]},{\"@type\":\"BreadcrumbList\",\"@id\":\"https:\\\/\\\/www.civitareseviaggi.it\\\/abruzzo-incoming\\\/#breadcrumb\",\"itemListElement\":[{\"@type\":\"ListItem\",\"position\":1,\"name\":\"Home\",\"item\":\"https:\\\/\\\/www.civitareseviaggi.it\\\/\"},{\"@type\":\"ListItem\",\"position\":2,\"name\":\"I Love Abruzzo\"}]},{\"@type\":\"WebSite\",\"@id\":\"https:\\\/\\\/www.civitareseviaggi.it\\\/#website\",\"url\":\"https:\\\/\\\/www.civitareseviaggi.it\\\/\",\"name\":\"Civitarese\",\"description\":\"Viaggi dal 1946\",\"publisher\":{\"@id\":\"https:\\\/\\\/www.civitareseviaggi.it\\\/#organization\"},\"potentialAction\":[{\"@type\":\"SearchAction\",\"target\":{\"@type\":\"EntryPoint\",\"urlTemplate\":\"https:\\\/\\\/www.civitareseviaggi.it\\\/?s={search_term_string}\"},\"query-input\":{\"@type\":\"PropertyValueSpecification\",\"valueRequired\":true,\"valueName\":\"search_term_string\"}}],\"inLanguage\":\"en-GB\"},{\"@type\":\"Organization\",\"@id\":\"https:\\\/\\\/www.civitareseviaggi.it\\\/#organization\",\"name\":\"Civitarese Viaggi S.R.L.\",\"url\":\"https:\\\/\\\/www.civitareseviaggi.it\\\/\",\"logo\":{\"@type\":\"ImageObject\",\"inLanguage\":\"en-GB\",\"@id\":\"https:\\\/\\\/www.civitareseviaggi.it\\\/#\\\/schema\\\/logo\\\/image\\\/\",\"url\":\"https:\\\/\\\/www.civitareseviaggi.it\\\/wp-content\\\/uploads\\\/2018\\\/11\\\/logo-footer-1.png\",\"contentUrl\":\"https:\\\/\\\/www.civitareseviaggi.it\\\/wp-content\\\/uploads\\\/2018\\\/11\\\/logo-footer-1.png\",\"width\":206,\"height\":181,\"caption\":\"Civitarese Viaggi S.R.L.\"},\"image\":{\"@id\":\"https:\\\/\\\/www.civitareseviaggi.it\\\/#\\\/schema\\\/logo\\\/image\\\/\"}}]}<\/script>\n<!-- \/ Yoast SEO plugin. -->","yoast_head_json":{"title":"I Love Abruzzo - Civitarese","robots":{"index":"index","follow":"follow","max-snippet":"max-snippet:-1","max-image-preview":"max-image-preview:large","max-video-preview":"max-video-preview:-1"},"canonical":"https:\/\/www.civitareseviaggi.it\/en\/abruzzo-incoming\/","og_locale":"en_GB","og_type":"article","og_title":"I Love Abruzzo - Civitarese","og_url":"https:\/\/www.civitareseviaggi.it\/en\/abruzzo-incoming\/","og_site_name":"Civitarese","article_modified_time":"2023-07-07T15:54:50+00:00","twitter_card":"summary_large_image","twitter_misc":{"Estimated reading time":"7 minutes"},"schema":{"@context":"https:\/\/schema.org","@graph":[{"@type":"WebPage","@id":"https:\/\/www.civitareseviaggi.it\/abruzzo-incoming\/","url":"https:\/\/www.civitareseviaggi.it\/abruzzo-incoming\/","name":"I Love Abruzzo - Civitarese","isPartOf":{"@id":"https:\/\/www.civitareseviaggi.it\/#website"},"datePublished":"2018-10-08T12:35:37+00:00","dateModified":"2023-07-07T15:54:50+00:00","breadcrumb":{"@id":"https:\/\/www.civitareseviaggi.it\/abruzzo-incoming\/#breadcrumb"},"inLanguage":"en-GB","potentialAction":[{"@type":"ReadAction","target":["https:\/\/www.civitareseviaggi.it\/abruzzo-incoming\/"]}]},{"@type":"BreadcrumbList","@id":"https:\/\/www.civitareseviaggi.it\/abruzzo-incoming\/#breadcrumb","itemListElement":[{"@type":"ListItem","position":1,"name":"Home","item":"https:\/\/www.civitareseviaggi.it\/"},{"@type":"ListItem","position":2,"name":"I Love Abruzzo"}]},{"@type":"WebSite","@id":"https:\/\/www.civitareseviaggi.it\/#website","url":"https:\/\/www.civitareseviaggi.it\/","name":"Civitarese","description":"Viaggi dal 1946","publisher":{"@id":"https:\/\/www.civitareseviaggi.it\/#organization"},"potentialAction":[{"@type":"SearchAction","target":{"@type":"EntryPoint","urlTemplate":"https:\/\/www.civitareseviaggi.it\/?s={search_term_string}"},"query-input":{"@type":"PropertyValueSpecification","valueRequired":true,"valueName":"search_term_string"}}],"inLanguage":"en-GB"},{"@type":"Organization","@id":"https:\/\/www.civitareseviaggi.it\/#organization","name":"Civitarese Viaggi S.R.L.","url":"https:\/\/www.civitareseviaggi.it\/","logo":{"@type":"ImageObject","inLanguage":"en-GB","@id":"https:\/\/www.civitareseviaggi.it\/#\/schema\/logo\/image\/","url":"https:\/\/www.civitareseviaggi.it\/wp-content\/uploads\/2018\/11\/logo-footer-1.png","contentUrl":"https:\/\/www.civitareseviaggi.it\/wp-content\/uploads\/2018\/11\/logo-footer-1.png","width":206,"height":181,"caption":"Civitarese Viaggi S.R.L."},"image":{"@id":"https:\/\/www.civitareseviaggi.it\/#\/schema\/logo\/image\/"}}]}},"_links":{"self":[{"href":"https:\/\/www.civitareseviaggi.it\/en\/wp-json\/wp\/v2\/pages\/176","targetHints":{"allow":["GET"]}}],"collection":[{"href":"https:\/\/www.civitareseviaggi.it\/en\/wp-json\/wp\/v2\/pages"}],"about":[{"href":"https:\/\/www.civitareseviaggi.it\/en\/wp-json\/wp\/v2\/types\/page"}],"author":[{"embeddable":true,"href":"https:\/\/www.civitareseviaggi.it\/en\/wp-json\/wp\/v2\/users\/2"}],"replies":[{"embeddable":true,"href":"https:\/\/www.civitareseviaggi.it\/en\/wp-json\/wp\/v2\/comments?post=176"}],"version-history":[{"count":36,"href":"https:\/\/www.civitareseviaggi.it\/en\/wp-json\/wp\/v2\/pages\/176\/revisions"}],"predecessor-version":[{"id":3015,"href":"https:\/\/www.civitareseviaggi.it\/en\/wp-json\/wp\/v2\/pages\/176\/revisions\/3015"}],"wp:attachment":[{"href":"https:\/\/www.civitareseviaggi.it\/en\/wp-json\/wp\/v2\/media?parent=176"}],"curies":[{"name":"wp","href":"https:\/\/api.w.org\/{rel}","templated":true}]}}