{"id":3,"date":"2018-10-01T07:44:40","date_gmt":"2018-10-01T07:44:40","guid":{"rendered":"http:\/\/www.civitareseviaggi.it\/?page_id=3"},"modified":"2022-06-09T07:03:47","modified_gmt":"2022-06-09T07:03:47","slug":"privacy-policy","status":"publish","type":"page","link":"https:\/\/www.civitareseviaggi.it\/en\/privacy-policy\/","title":{"rendered":"Privacy Policy"},"content":{"rendered":"<div id=\"fws_69f51067e0c20\"  data-column-margin=\"default\" data-midnight=\"dark\"  data-bg-mobile-hidden=\"\" class=\"wpb_row vc_row-fluid vc_row standard_section\"  style=\"padding-top: 0px; padding-bottom: 0px; \"><div class=\"row-bg-wrap\" data-bg-animation=\"none\" data-bg-overlay=\"false\"><div class=\"inner-wrap\"><div class=\"row-bg\"  style=\"\"><\/div><\/div><div class=\"row-bg-overlay\" ><\/div><\/div><div class=\"col span_12 dark left\">\n\t<div  class=\"vc_col-sm-12 wpb_column column_container vc_column_container col no-extra-padding\"  data-t-w-inherits=\"default\" data-border-radius=\"none\" data-shadow=\"none\" data-border-animation=\"\" data-border-animation-delay=\"\" data-border-width=\"none\" data-border-style=\"solid\" data-border-color=\"\" data-bg-cover=\"\" data-padding-pos=\"all\" data-has-bg-color=\"false\" data-bg-color=\"\" data-bg-opacity=\"1\" data-hover-bg=\"\" data-hover-bg-opacity=\"1\" data-animation=\"\" data-delay=\"0\" >\n\t\t<div class=\"vc_column-inner\" ><div class=\"column-bg-overlay-wrap\" data-bg-animation=\"none\"><div class=\"column-bg-overlay\"><\/div><\/div>\n\t\t\t<div class=\"wpb_wrapper\">\n\t\t\t\t\r\n<div class=\"wpb_text_column wpb_content_element\" >\r\n\t<div class=\"wpb_wrapper\">\r\n\t\t<p class=\"p1\"><b>CONDIZIONI DI VENDITA<\/b><\/p>\n<p class=\"p2\"><span class=\"s1\">INFORMATIVA PRIVACY<\/span><\/p>\n<p class=\"p4\"><b>INFORMAZIONI SUL TRATTAMENTO DEI DATI PERSONALI sulla piattaforma e-commerce <i>Civitarese Viaggi<\/i> e su tutte le pagine web facenti capo a<br \/>\n<\/b><a href=\"https:\/\/www.civitareseviaggi.it\/en\/\"><span class=\"s2\"><b>https:\/\/www.civitareseviaggi.it\/<\/b><\/span><\/a><b> <\/b><b>&#8211;<\/b><b> <\/b><b>incluso<\/b><span class=\"s3\"><b> <\/b><a href=\"https:\/\/ticket.civitareseviaggi.it\/\"><span class=\"s4\"><b>https:\/\/ticket.civitareseviaggi.it\/<\/b><\/span><\/a><\/span><b> &#8211; ai sensi dell\u2019Art. 13 del Regolamento (UE) 679\/2016 (il \u201cGDPR\u201d)<\/b><\/p>\n<p class=\"p5\"><b>1. Chi tratta i dati personali?<\/b><\/p>\n<p class=\"p6\">I dati personali degli Utenti saranno gestiti dalla societ\u00e0\u00a0<b>Civitarese Viaggi S.r.l. <\/b>,<b> <\/b>societ\u00e0 con sede legale a Ortona (CH), Villa Rogatti, 168, 66026, Cod. fiscale e P.IVA 00093120699.<\/p>\n<p class=\"p5\"><b>2. Quali dati sono raccolti, e come?<\/b><\/p>\n<p class=\"p7\"><b>Dati di navigazione raccolti automaticamente dal Sito: dati di accesso e navigazione<\/b><\/p>\n<p class=\"p8\">Ogni qualvolta gli Utenti accedono al Sito, i sistemi informatici e le procedure software preposte al funzionamento dello stesso acquisiscono, nel corso del loro normale esercizio, i dati di accesso e navigazione. Esempi di dati acquisiti possono essere i \u201c<b>Dati di Navigazione<\/b>\u201d: informazioni sul browser utilizzato dall\u2019Utente, pagine visitate, data, ora e durata di ciascuna visita, nonch\u00e9 altri parametri relativi al sistema operativo e all\u2019ambiente informatico dell\u2019Utente.<\/p>\n<p class=\"p7\"><b>Dati comunicati dagli Utenti per entrare in contatto con la Societ\u00e0: dati anagrafici, dati di contatto e altri dati personali trasmessi volontariamente<\/b><\/p>\n<p class=\"p8\">In alcune aree del Sito (come ad esempio <a href=\"https:\/\/www.civitareseviaggi.it\/en\/contatti\/\"><span class=\"s4\">https:\/\/www.civitareseviaggi.it\/contatti\/<\/span><\/a>) \u00e8 possibile contattare la Societ\u00e0, tramite email all\u2019indirizzo\u00a0<a href=\"mailto:info@civitareseviaggi.it\"><span class=\"s4\">info@civitareseviaggi.it<\/span><\/a><span class=\"Apple-converted-space\">\u00a0 <\/span>, tramite telefono o WhatsApp oppure tramite le pagine social, per chiedere informazioni o chiarimenti relativi a viaggi, preventivi, prenotazioni, servizi offerti e alla possibilit\u00e0 di creare partnerships.<\/p>\n<p class=\"p7\"><b>Dati richiesti su sezioni specifiche del sito: indirizzo email per \u2018Iscriviti alla newsletter\u2019<\/b><\/p>\n<p class=\"p8\">Per attivare la funzione \u201cIscriviti alla newsletter\u201d, che permette rimanere in contatto via mail e ricevere aggiornamenti su viaggi e programmazione, viene richiesto l\u2019indirizzo email degli Utenti interessati. Gli stessi, dovranno accettare relativi Termini e Condizioni facenti parte della presente documentazione.<\/p>\n<p class=\"p7\"><b>Dati richiesti per prenotare i viaggi di Civitarese: Dati anagrafici, dati di contatto e dati di pagamento<\/b><\/p>\n<p class=\"p8\">Nell\u2019area di e-commerce del Sito \u00e8 richiesto agli Utenti di comunicare obbligatoriamente specifici dati personali per prenotare e acquistare il proprio viaggio Civitarese Viaggi:<\/p>\n<table class=\"t1\" cellspacing=\"0\" cellpadding=\"0\">\n<tbody>\n<tr>\n<td class=\"td1\" valign=\"middle\">\n<p class=\"p9\"><b>DATI ANAGRAFICI<\/b><\/p>\n<\/td>\n<td class=\"td2\" valign=\"middle\">\n<p class=\"p9\">Nome<br \/>\nCognome<br \/>\nCodice fiscale<br \/>\nNome persona da contattare in caso emergenza<\/p>\n<\/td>\n<\/tr>\n<tr>\n<td class=\"td3\" valign=\"middle\">\n<p class=\"p9\"><b>DATI DI CONTATTO<\/b><\/p>\n<\/td>\n<td class=\"td4\" valign=\"middle\">\n<p class=\"p9\">Indirizzo<br \/>\nIndirizzo e-mail<br \/>\nNumero di telefono cellulare<\/p>\n<\/td>\n<\/tr>\n<tr>\n<td class=\"td5\" valign=\"middle\">\n<p class=\"p9\"><b>DATI BANCARI<\/b><\/p>\n<\/td>\n<td class=\"td6\" valign=\"middle\">\n<p class=\"p9\">Dati carta di credito \/ IBAN<\/p>\n<\/td>\n<\/tr>\n<tr>\n<td class=\"td7\" valign=\"middle\">\n<p class=\"p9\"><b>ALTRI DATI<\/b><\/p>\n<\/td>\n<td class=\"td8\" valign=\"middle\">\n<p class=\"p9\">Informazioni sul volo aereo di andata e ritorno (data, ora, numero volo)<br \/>\nScansione del Documento di riconoscimento (se necessaria ai fini della prenotazione)<br \/>\nAllergie e intolleranze<br \/>\nStato di salute<br \/>\nNecessit\u00e0 particolari<\/p>\n<\/td>\n<\/tr>\n<\/tbody>\n<\/table>\n<p class=\"p7\"><b>Dati richiesti per acquistare prodotti dello shop Civitarese Viaggi: Dati anagrafici, dati di contatto e dati di pagamento<\/b><\/p>\n<p class=\"p8\">In alcune aree del Sito \u00e8 richiesto agli Utenti di comunicare specifici dati personali per acquistare prodotti dallo shop Civitarese Viaggi.<\/p>\n<table class=\"t1\" cellspacing=\"0\" cellpadding=\"0\">\n<tbody>\n<tr>\n<td class=\"td9\" valign=\"middle\">\n<p class=\"p9\"><b>DATI ANAGRAFICI<\/b><\/p>\n<\/td>\n<td class=\"td10\" valign=\"middle\">\n<p class=\"p9\">Nome<br \/>\nCognome<\/p>\n<\/td>\n<\/tr>\n<tr>\n<td class=\"td11\" valign=\"middle\">\n<p class=\"p9\"><b>DATI DI CONTATTO<\/b><\/p>\n<\/td>\n<td class=\"td12\" valign=\"middle\">\n<p class=\"p6\">Indirizzo<br \/>\nIndirizzo e-mail<br \/>\nNumero di telefono cellulare<\/p>\n<\/td>\n<\/tr>\n<tr>\n<td class=\"td13\" valign=\"middle\">\n<p class=\"p9\"><b>DATI BANCARI<\/b><\/p>\n<\/td>\n<td class=\"td14\" valign=\"middle\">\n<p class=\"p9\">Dati carta di credito \/ IBAN<\/p>\n<\/td>\n<\/tr>\n<\/tbody>\n<\/table>\n<p class=\"p7\"><b>Immagini<\/b><\/p>\n<p class=\"p8\">Durante il viaggio acquistato potranno essere raccolti video e immagini che ti ritraggono come altra forma di dati personali.<\/p>\n<p class=\"p7\"><b>Cookies<\/b><\/p>\n<p class=\"p8\">Nel Sito sono utilizzate delle tecniche informatiche per l\u2019acquisizione diretta di dati personali identificativi dell\u2019utente consistenti in \u201ccookies\u201d, o \u201cstringhe di codice\u201d.<\/p>\n<p class=\"p5\"><b>3. Perch\u00e9 sono raccolti i Dati, e in base a cosa sono utilizzati?<\/b><\/p>\n<p class=\"p8\">I\u00a0<b>Dati di Navigazione<\/b>\u00a0saranno utilizzati per migliorare la navigazione sul Sito facilitare la fruizione dei servizi digitali offerti dalla Societ\u00e0 nell\u2019interesse della stessa e anche degli Utenti. Pi\u00f9 in particolare, rispetto all\u2019Utente<\/p>\n<p><i>(a)<\/i>\u00a0il monitoraggio del funzionamento del Sito e i dati statistici correlati al suo utilizzo non comportano identificazione diretta;<\/p>\n<p><i>(b)<\/i>\u00a0l\u2019interesse della Societ\u00e0 appare ragionevolmente essere proprio anche degli Utenti, i quali potranno cos\u00ec fruire di un Sito sempre pi\u00f9 performante e ottimizzato.<\/p>\n<p class=\"p8\">I dati raccolti permettono infatti:<\/p>\n<ol class=\"ol1\">\n<li class=\"li8\">di monitorare il corretto funzionamento del Sito,<\/li>\n<li class=\"li8\">per migliorare la facilit\u00e0 di accesso e aumentarne l\u2019attrattivit\u00e0, pur sempre raccolti in forma anonima e aggregata, per finalit\u00e0 statistiche legate alla comprensione di come il Sito viene utilizzato dagli Utenti,<\/li>\n<li class=\"li8\">per rilevare e risolvere eventuali problemi tecnici il prima possibile.<\/li>\n<\/ol>\n<p class=\"p8\">I\u00a0<b>Dati Anagrafici e i Dati di Contatto<\/b>\u00a0di cui alle sezioni che precedono saranno utilizzati: (i) per rispondere, alle varie richieste degli Utenti (ad esempio richiesta Newsletter),(ii) per avviare la procedura di prenotazione dei viaggi di Civitarese Viaggi, (iii) per completare la procedura di acquisto nello Shop Civitarese Viaggi.<br \/>\nQuesti utilizzi si basano sul fatto che sono gli Utenti stessi a contattare la Societ\u00e0 per ottenere informazioni o per prenotare i viaggi. Dunque, la Societ\u00e0 non pu\u00f2 rispondere a tali richieste e\/o fornire il servizio e\/o di dare esecuzione ad un contratto se non utilizzando i Dati dell\u2019interessato.<\/p>\n<p class=\"p8\">I\u00a0<b>Dati di Contatto<\/b>, e in particolare quelli del \u2018capogruppo\u2019 designato, saranno utilizzati per contattare, fornire informazioni, comunicare aggiornamenti, rimanere in contatto prima, durante e dopo il viaggio prenotato in questione. Questo trattamento \u00e8 necessario per il corretto svolgimento del contratto e per permettere alla Societ\u00e0 di fornire il servizio al meglio delle sue possibilit\u00e0.<br \/>\nQueste informazioni potranno essere trasmesse tramite telefonate con operatore e\/o via e-mail, SMS, con sistemi di messaggistica istantanea (come, ad esempio, WhatsApp o Telegram).<\/p>\n<p class=\"p8\">Le\u00a0<b>Immagini<\/b>, previo l\u2019acquisto e la partecipazione al viaggio, e quindi l\u2019esecuzione del contratto, saranno raccolte per consentire la pi\u00f9 piena partecipazione degli Utenti e averne memoria. Le stesse saranno poi trattate per essere diffuse, anche a fini pubblicitari e promozionali della Societ\u00e0 e delle sue attivit\u00e0, mediante pubblicazione e trasmissione con vari mezzi (online e\/o offline). Il fine principale \u00e8 mostrare che con Civitarese Viaggi \u00e8 possibile \u2018viaggiare con il sole\u2019.<\/p>\n<p class=\"p8\">(Per comodit\u00e0, quando ci riferiremo insieme ai Dati di Navigazione, ai Dati Anagrafici ai Dati di Contatto, i Dati Newsletter e alle Immagini li chiameremo semplicemente i \u201c<b>Dati<\/b>\u201d).<\/p>\n<p class=\"p5\"><b>4. A chi sono comunicati i Dati*?<br \/>\n<\/b>(<b>*<\/b>con riferimento qui ai Dati di Navigazione, ai Dati Anagrafici, ai Dati di Contatto, ai Dati Newsletter e alle Immagini)<\/p>\n<p class=\"p8\">I Dati saranno comunicati e potranno essere conosciuti<\/p>\n<ul class=\"ul1\">\n<li class=\"li8\">da dipendenti e collaboratori della Societ\u00e0, che sono stati appositamente designati al trattamento;<\/li>\n<li class=\"li8\">da soggetti terzi che prestano servizi accessori o strumentali alle attivit\u00e0 della Societ\u00e0 alla gestione operativa delle attivit\u00e0 e alla fornitura dei servizi. Questi soggetti tratteranno i Dati come titolari autonomi e richiederanno anche ulteriori dati personali se necessario. Le Immagini potranno essere diffuse nei contesti pubblicitari e conosciute da un pubblico indefinito di persone. L\u2019elenco completo dei responsabili del trattamento dei Dati \u00e8 custodito presso la sede della Societ\u00e0 ed \u00e8 consultabile su richiesta da trasmettere alla stessa utilizzando i recapiti indicati in questa informativa.<\/li>\n<\/ul>\n<p class=\"p5\"><b>5. Dove sono trattati i Dati?<\/b><\/p>\n<p class=\"p8\">Il trattamento dei Dati sar\u00e0 effettuato presso la sede della Societ\u00e0 e i Dati saranno conservati presso\u00a0<i>server<\/i>\u00a0e\/o archivi siti all\u2019interno dell\u2019Unione Europea oppure in Paesi che danno garanzie adeguate di tutela dei dati personali.<br \/>\nAd esempio: i dati trattati negli USA, rientrano nel cosiddetto\u00a0<i>Privacy Shield <\/i>che tutela i cittadini europei quando i loro dati transitano verso gli Stati Uniti d\u2019America.<\/p>\n<p class=\"p5\"><b>6. Come sono trattati, protetti e conservati i Dati? E per quanto tempo?<\/b><\/p>\n<p class=\"p8\">I Dati saranno trattati sia in forma cartacea sia con strumenti elettronici, informatici o automatizzati, tramite sistemi che ne assicurano la protezione, la sicurezza e la riservatezza.<br \/>\nLa Societ\u00e0, inoltre, in linea con l\u2019ultimo GDPR, ha adottato specifiche e adeguate misure di sicurezza logiche, giuridiche organizzative e tecniche per prevenire la perdita dei Dati, usi illeciti o non consentiti degli stessi e accessi non autorizzati.<\/p>\n<p class=\"p8\">I Dati non saranno conservati per pi\u00f9 del necessario. In particolare:<\/p>\n<ul class=\"ul1\">\n<li class=\"li11\">I Dati di Navigazione \u2013 che non consentono l\u2019identificazione degli Utenti \u2013 non persistono per pi\u00f9 di 1 settimana e vengono cancellati immediatamente dopo la loro aggregazione (salve eventuali necessit\u00e0 di accertamento di reati da parte dell&#8217;Autorit\u00e0 Giudiziaria competente);<\/li>\n<li class=\"li11\">I Dati Anagrafici e i Dati di Contatto, che servono a rispondere alle richieste degli Utenti sono conservati sino a 1 anno dopo la ricezione della richiesta;<\/li>\n<li class=\"li11\">I Dati Anagrafici e i Dati di Contatto, che servono per effettuare un acquisto sullo Shop o prenotare un viaggio Civitarese Viaggi e successivamente per accedere all\u2019area personale Utente delle prenotazioni\/acquisti, consentono allo stesso di accedere senza dover ripetere i dati ogni volta. Pertanto, questi sono anche conservati sino all\u2019esecuzione del contratto di acquisto del viaggio e, comunque, per 10 anni secondo prescrizione ordinaria;<\/li>\n<li class=\"li11\">I Dati Newsletter saranno conservati e trattati fino a quando l\u2019Utente non desiderasse non ricevere pi\u00f9 la stessa via mail, e comunque per un periodo di 24 mesi.<\/li>\n<li class=\"li11\">Le Immagini che saranno raccolte durante il viaggio saranno conservate per il tempo necessario a raccoglierle, organizzarle, \u201ceditarle\u201d ed eventualmente pubblicarle a fini promozionali.<\/li>\n<\/ul>\n<p class=\"p8\">N.B.: I Dati saranno conservati per pi\u00f9 tempo se ci\u00f2 \u00e8 necessario per rispettare obblighi stabiliti dalla legge o per assicurare la tutela giudiziaria dei diritti della Societ\u00e0, nel rispetto in ogni caso dei termini massimi consentiti dalla legge.<\/p>\n<p class=\"p5\"><b>7. Quali sono i tuoi diritti?<\/b><\/p>\n<p class=\"p8\">Gli Utenti, quali interessati (ossia, soggetti a cui si riferiscono i Dati), sono titolari di diritti conferiti dal GDPR. In particolare, ai sensi degli art. 12-23 del GDPR, gli interessati hanno il diritto di chiedere e ottenere, in qualunque momento, l\u2019accesso ai propri dati personali, informazioni sul trattamento effettuato, la rettifica e\/o l\u2019aggiornamento dei dati personali, la cancellazione e la limitazione del trattamento. Inoltre, hanno anche il diritto di opporsi al trattamento e di chiedere la portabilit\u00e0 dei dati (cio\u00e8 ricevere i dati personali in un formato strutturato di uso comune, leggibile da dispositivi automatici). Infine, gli interessati hanno sempre il diritto di revocare il proprio consenso in qualsiasi momento (ci\u00f2, in ogni caso, non pregiudicher\u00e0 la liceit\u00e0 dei trattamenti effettuati sulla base del consenso reso prima della revoca) e di proporre reclamo all&#8217;autorit\u00e0 di controllo (in Italia: il Garante per la Protezione dei Dati Personali)<\/p>\n<p class=\"p8\">I diritti di cui sopra potranno essere esercitati in ogni momento, mediante semplice richiesta alla Societ\u00e0, da trasmettere:<\/p>\n<ul class=\"ul1\">\n<li class=\"li11\">all\u2019indirizzo e-mail\u00a0<a href=\"mailto:info@civitareseviaggi.it\"><span class=\"s4\">info@civitareseviaggi.it<\/span><\/a> \/ <a href=\"mailto:luciana@civitareseviaggi.it\"><span class=\"s4\">luciana@civitareseviaggi.it<\/span><\/a><\/li>\n<li class=\"li11\">all\u2019indirizzo Corso Vittorio Emanuele II, n. 4 \u2013 66026 Ortona (CH) &#8211; sede aperta al pubblico negli orari e nei giorni specificati anche sullo stesso Sito.<\/li>\n<\/ul>\n<p class=\"p8\">Per altre informazioni o chiarimenti sui diritti menzionati, \u00e8 possibile contattare la Societ\u00e0 ai medesimi recapiti.<\/p>\n<p class=\"p8\">La Societ\u00e0 potr\u00e0 modificare la presente informativa per adeguarla a futuri ampliamenti o future modifiche del Sito.<\/p>\n<p class=\"p8\">In caso di dubbi su come Civitarese Viaggi S.r.l. tratta i dati, \u00e8 sempre possibile contattarla:<\/p>\n<ul class=\"ul1\">\n<li class=\"li11\">all\u2019indirizzo e-mail<br \/>\n<a href=\"mailto:info@civitareseviaggi.it\"><span class=\"s4\">info@civitareseviaggi.it<\/span><\/a> \/ <a href=\"mailto:luciana@civitaresevaiggi.it\"><span class=\"s4\">luciana@civitaresevaiggi.it<\/span><\/a><\/li>\n<li class=\"li11\">all\u2019indirizzo Corso Vittorio Emanuele II, n.4 \u2013 66036 Ortona (CH) &#8211; sede aperta al pubblico negli orari e nei giorni specificati anche sullo stesso Sito.<\/li>\n<\/ul>\n<p class=\"p11\"><i>Informazioni aggiornate in data 15 Gennaio 2022<\/i><\/p>\n\t<\/div>\r\n<\/div>\r\n\r\n\r\n\r\n\n\t\t\t<\/div> \n\t\t<\/div>\n\t<\/div> \n<\/div><\/div>","protected":false},"excerpt":{"rendered":"CONDIZIONI DI VENDITA INFORMATIVA PRIVACY INFORMAZIONI SUL TRATTAMENTO DEI DATI PERSONALI sulla piattaforma e-commerce Civitarese Viaggi e su tutte le pagine web facenti capo a https:\/\/www.civitareseviaggi.it\/ - incluso https:\/\/ticket.civitareseviaggi.it\/ -...","protected":false},"author":2,"featured_media":0,"parent":0,"menu_order":0,"comment_status":"closed","ping_status":"closed","template":"","meta":{"_acf_changed":false,"_monsterinsights_skip_tracking":false,"_monsterinsights_sitenote_active":false,"_monsterinsights_sitenote_note":"","_monsterinsights_sitenote_category":0,"footnotes":""},"class_list":["post-3","page","type-page","status-publish"],"acf":[],"yoast_head":"<!-- This site is optimized with the Yoast SEO plugin v27.5 - https:\/\/yoast.com\/product\/yoast-seo-wordpress\/ -->\n<title>Privacy Policy - Civitarese<\/title>\n<meta name=\"robots\" content=\"index, follow, max-snippet:-1, max-image-preview:large, max-video-preview:-1\" \/>\n<link rel=\"canonical\" href=\"https:\/\/www.civitareseviaggi.it\/en\/privacy-policy\/\" \/>\n<meta property=\"og:locale\" content=\"en_GB\" \/>\n<meta property=\"og:type\" content=\"article\" \/>\n<meta property=\"og:title\" content=\"Privacy Policy - Civitarese\" \/>\n<meta property=\"og:url\" content=\"https:\/\/www.civitareseviaggi.it\/en\/privacy-policy\/\" \/>\n<meta property=\"og:site_name\" content=\"Civitarese\" \/>\n<meta property=\"article:modified_time\" content=\"2022-06-09T07:03:47+00:00\" \/>\n<meta name=\"twitter:card\" content=\"summary_large_image\" \/>\n<meta name=\"twitter:label1\" content=\"Estimated reading time\" \/>\n\t<meta name=\"twitter:data1\" content=\"10 minutes\" \/>\n<script type=\"application\/ld+json\" class=\"yoast-schema-graph\">{\"@context\":\"https:\\\/\\\/schema.org\",\"@graph\":[{\"@type\":\"WebPage\",\"@id\":\"https:\\\/\\\/www.civitareseviaggi.it\\\/privacy-policy\\\/\",\"url\":\"https:\\\/\\\/www.civitareseviaggi.it\\\/privacy-policy\\\/\",\"name\":\"Privacy Policy - Civitarese\",\"isPartOf\":{\"@id\":\"https:\\\/\\\/www.civitareseviaggi.it\\\/#website\"},\"datePublished\":\"2018-10-01T07:44:40+00:00\",\"dateModified\":\"2022-06-09T07:03:47+00:00\",\"breadcrumb\":{\"@id\":\"https:\\\/\\\/www.civitareseviaggi.it\\\/privacy-policy\\\/#breadcrumb\"},\"inLanguage\":\"en-GB\",\"potentialAction\":[{\"@type\":\"ReadAction\",\"target\":[\"https:\\\/\\\/www.civitareseviaggi.it\\\/privacy-policy\\\/\"]}]},{\"@type\":\"BreadcrumbList\",\"@id\":\"https:\\\/\\\/www.civitareseviaggi.it\\\/privacy-policy\\\/#breadcrumb\",\"itemListElement\":[{\"@type\":\"ListItem\",\"position\":1,\"name\":\"Home\",\"item\":\"https:\\\/\\\/www.civitareseviaggi.it\\\/\"},{\"@type\":\"ListItem\",\"position\":2,\"name\":\"Privacy Policy\"}]},{\"@type\":\"WebSite\",\"@id\":\"https:\\\/\\\/www.civitareseviaggi.it\\\/#website\",\"url\":\"https:\\\/\\\/www.civitareseviaggi.it\\\/\",\"name\":\"Civitarese\",\"description\":\"Viaggi dal 1946\",\"publisher\":{\"@id\":\"https:\\\/\\\/www.civitareseviaggi.it\\\/#organization\"},\"potentialAction\":[{\"@type\":\"SearchAction\",\"target\":{\"@type\":\"EntryPoint\",\"urlTemplate\":\"https:\\\/\\\/www.civitareseviaggi.it\\\/?s={search_term_string}\"},\"query-input\":{\"@type\":\"PropertyValueSpecification\",\"valueRequired\":true,\"valueName\":\"search_term_string\"}}],\"inLanguage\":\"en-GB\"},{\"@type\":\"Organization\",\"@id\":\"https:\\\/\\\/www.civitareseviaggi.it\\\/#organization\",\"name\":\"Civitarese Viaggi S.R.L.\",\"url\":\"https:\\\/\\\/www.civitareseviaggi.it\\\/\",\"logo\":{\"@type\":\"ImageObject\",\"inLanguage\":\"en-GB\",\"@id\":\"https:\\\/\\\/www.civitareseviaggi.it\\\/#\\\/schema\\\/logo\\\/image\\\/\",\"url\":\"https:\\\/\\\/www.civitareseviaggi.it\\\/wp-content\\\/uploads\\\/2018\\\/11\\\/logo-footer-1.png\",\"contentUrl\":\"https:\\\/\\\/www.civitareseviaggi.it\\\/wp-content\\\/uploads\\\/2018\\\/11\\\/logo-footer-1.png\",\"width\":206,\"height\":181,\"caption\":\"Civitarese Viaggi S.R.L.\"},\"image\":{\"@id\":\"https:\\\/\\\/www.civitareseviaggi.it\\\/#\\\/schema\\\/logo\\\/image\\\/\"}}]}<\/script>\n<!-- \/ Yoast SEO plugin. -->","yoast_head_json":{"title":"Privacy Policy - Civitarese","robots":{"index":"index","follow":"follow","max-snippet":"max-snippet:-1","max-image-preview":"max-image-preview:large","max-video-preview":"max-video-preview:-1"},"canonical":"https:\/\/www.civitareseviaggi.it\/en\/privacy-policy\/","og_locale":"en_GB","og_type":"article","og_title":"Privacy Policy - Civitarese","og_url":"https:\/\/www.civitareseviaggi.it\/en\/privacy-policy\/","og_site_name":"Civitarese","article_modified_time":"2022-06-09T07:03:47+00:00","twitter_card":"summary_large_image","twitter_misc":{"Estimated reading time":"10 minutes"},"schema":{"@context":"https:\/\/schema.org","@graph":[{"@type":"WebPage","@id":"https:\/\/www.civitareseviaggi.it\/privacy-policy\/","url":"https:\/\/www.civitareseviaggi.it\/privacy-policy\/","name":"Privacy Policy - Civitarese","isPartOf":{"@id":"https:\/\/www.civitareseviaggi.it\/#website"},"datePublished":"2018-10-01T07:44:40+00:00","dateModified":"2022-06-09T07:03:47+00:00","breadcrumb":{"@id":"https:\/\/www.civitareseviaggi.it\/privacy-policy\/#breadcrumb"},"inLanguage":"en-GB","potentialAction":[{"@type":"ReadAction","target":["https:\/\/www.civitareseviaggi.it\/privacy-policy\/"]}]},{"@type":"BreadcrumbList","@id":"https:\/\/www.civitareseviaggi.it\/privacy-policy\/#breadcrumb","itemListElement":[{"@type":"ListItem","position":1,"name":"Home","item":"https:\/\/www.civitareseviaggi.it\/"},{"@type":"ListItem","position":2,"name":"Privacy Policy"}]},{"@type":"WebSite","@id":"https:\/\/www.civitareseviaggi.it\/#website","url":"https:\/\/www.civitareseviaggi.it\/","name":"Civitarese","description":"Viaggi dal 1946","publisher":{"@id":"https:\/\/www.civitareseviaggi.it\/#organization"},"potentialAction":[{"@type":"SearchAction","target":{"@type":"EntryPoint","urlTemplate":"https:\/\/www.civitareseviaggi.it\/?s={search_term_string}"},"query-input":{"@type":"PropertyValueSpecification","valueRequired":true,"valueName":"search_term_string"}}],"inLanguage":"en-GB"},{"@type":"Organization","@id":"https:\/\/www.civitareseviaggi.it\/#organization","name":"Civitarese Viaggi S.R.L.","url":"https:\/\/www.civitareseviaggi.it\/","logo":{"@type":"ImageObject","inLanguage":"en-GB","@id":"https:\/\/www.civitareseviaggi.it\/#\/schema\/logo\/image\/","url":"https:\/\/www.civitareseviaggi.it\/wp-content\/uploads\/2018\/11\/logo-footer-1.png","contentUrl":"https:\/\/www.civitareseviaggi.it\/wp-content\/uploads\/2018\/11\/logo-footer-1.png","width":206,"height":181,"caption":"Civitarese Viaggi S.R.L."},"image":{"@id":"https:\/\/www.civitareseviaggi.it\/#\/schema\/logo\/image\/"}}]}},"_links":{"self":[{"href":"https:\/\/www.civitareseviaggi.it\/en\/wp-json\/wp\/v2\/pages\/3","targetHints":{"allow":["GET"]}}],"collection":[{"href":"https:\/\/www.civitareseviaggi.it\/en\/wp-json\/wp\/v2\/pages"}],"about":[{"href":"https:\/\/www.civitareseviaggi.it\/en\/wp-json\/wp\/v2\/types\/page"}],"author":[{"embeddable":true,"href":"https:\/\/www.civitareseviaggi.it\/en\/wp-json\/wp\/v2\/users\/2"}],"replies":[{"embeddable":true,"href":"https:\/\/www.civitareseviaggi.it\/en\/wp-json\/wp\/v2\/comments?post=3"}],"version-history":[{"count":1,"href":"https:\/\/www.civitareseviaggi.it\/en\/wp-json\/wp\/v2\/pages\/3\/revisions"}],"predecessor-version":[{"id":2554,"href":"https:\/\/www.civitareseviaggi.it\/en\/wp-json\/wp\/v2\/pages\/3\/revisions\/2554"}],"wp:attachment":[{"href":"https:\/\/www.civitareseviaggi.it\/en\/wp-json\/wp\/v2\/media?parent=3"}],"curies":[{"name":"wp","href":"https:\/\/api.w.org\/{rel}","templated":true}]}}